{"id":63,"date":"2022-03-18T15:16:46","date_gmt":"2022-03-18T15:16:46","guid":{"rendered":"https:\/\/livakalnina.lv\/?page_id=63"},"modified":"2022-04-08T08:25:51","modified_gmt":"2022-04-08T08:25:51","slug":"sikdatnu-politika","status":"publish","type":"page","link":"https:\/\/livakalnina.lv\/en\/sikdatnu-politika\/","title":{"rendered":"S\u012bkdat\u0146u politika"},"content":{"rendered":"<p>Priv\u0101tuma noteikumi<\/p>\n\n\n\n<p>&nbsp;LIVAKALNINA ir ap\u0146\u0113musies aizsarg\u0101t un cien\u012bt tavu priv\u0101tumu.<\/p>\n\n\n\n<p>\u0160ie noteikumi paredz regul\u0113jumu, saska\u0146\u0101 ar ko m\u0113s apstr\u0101d\u0101jam jebkurus no tevi sa\u0146emtos personas datus vai kurus m\u0113s apstr\u0101d\u0101sim. L\u016bdzu r\u016bp\u012bgi iepaz\u012bsties zem\u0101k nor\u0101d\u012bto, lai saprastu m\u016bsu uzskatus un darb\u012bbas attiec\u012bb\u0101 par taviem personas datiem un k\u0101 m\u0113s ar tiem r\u012bkosimies. Apmekl\u0113jot \u0161o lapu tu pie\u0146em un piekr\u012bti vis\u0101m darb\u012bb\u0101m, kas nor\u0101d\u012btas \u0161ajos noteikumos.<\/p>\n\n\n\n<p>\u200bLai efekt\u012bvi vad\u012btu savas darb\u012bbas,&nbsp; LIVAKALNINA ir nepiecie\u0161ams apkopot, lietot un apstr\u0101d\u0101t datus. \u0160\u0101dos apst\u0101k\u013cos m\u0113s asam ap\u0146\u0113mu\u0161ies r\u016bp\u0113ties par tavu person\u012bg\u0101s inform\u0101cijas un priv\u0101tuma aizsardz\u012bbas respekt\u0113\u0161anu.<\/p>\n\n\n\n<p>\u200b<strong>K\u0101du inform\u0101ciju m\u0113s apkopojam?<\/strong><\/p>\n\n\n\n<p>M\u0113s apkopojam \u0161\u0101du inform\u0101ciju:<\/p>\n\n\n\n<p>Kontaktinform\u0101cijas datus: v\u0101rdu un  e-pasta adresi, pie nosac\u012bjuma, ja ir nos\u016bt\u012bta zi\u0146a izmantojot sazi\u0146\u0101s formu lap\u0101.<\/p>\n\n\n\n<p><\/p>\n\n\n\n<p>\u200b<strong>K\u0101 m\u0113s apkopojam datus?<\/strong><\/p>\n\n\n\n<p>M\u0113s apkopojam no tevis tie\u0161i sa\u0146emtu inform\u0101ciju, kad tu to sniedz mums vai reiz\u0113m no publiski pieejamiem avotiem (publiskiem profiliem, publik\u0101cij\u0101m, u.c.).<\/p>\n\n\n\n<p>L\u016bdzu iev\u0113ro, ka tu vari izv\u0113l\u0113ties k\u0101du inform\u0101ciju mums sniegt un tu vari atteikties sniegt mums savus personas datus. Inform\u0101cijas nesnieg\u0161ana tom\u0113r ietekm\u0113&nbsp; LIVAKALNINA iesp\u0113jas sniegt tev pakalpojumus.<\/p>\n\n\n\n<p><\/p>\n\n\n\n<p><strong>K\u0101p\u0113c m\u0113s apkopojam, lietojam un apstr\u0101d\u0101jam personas datus?<\/strong><\/p>\n\n\n\n<p>&nbsp;LIVAKALNINA lieto personas datus, lai:<\/p>\n\n\n\n<ul><li>Nosl\u0113gtu ar tevi vieno\u0161anos<\/li><li>Inform\u0113tu tevi par m\u016bsu aktivit\u0101t\u0113m, nos\u016btot tev pazi\u0146ojumus<\/li><li>Sniegtu tev visu nepiecie\u0161amo inform\u0101ciju\u00a0 un\/vai dokumentus saist\u012bt\u0101 ar\u00a0 advok\u0101ta pakalpojumiem.<\/li><li>Lai public\u0113tu m\u016bsu lap\u0101 personas datus, ko tu \u012bpa\u0161i mums at\u013c\u0101vi dar\u012bt<\/li><\/ul>\n\n\n\n<p><strong>Kam m\u0113s t\u0101l\u0101k nododam tavu inform\u0101ciju?<\/strong><\/p>\n\n\n\n<p>Mums ir ties\u012bbas dal\u012bties\/izpaust\/p\u0101rs\u016bt\u012bt tavus personas datus tre\u0161aj\u0101m person\u0101m, tikai lai m\u016bsu partneri var\u0113tu nodro\u0161in\u0101t pakalpojumus tev (ieskaitot not\u0101ru, citus juristus, konsultantus un ekspertus, ko m\u0113s piesaist\u0101m).<\/p>\n\n\n\n<p>\u200b<strong>K\u0101das ir tavas ties\u012bbas?<\/strong><\/p>\n\n\n\n<p>Tev jebkur\u0101 laik\u0101 ir ties\u012bbas:<\/p>\n\n\n\n<ul><li>Piek\u013c\u016bt taviem personas datiem<\/li><li>Rakstveid\u0101 piepras\u012bt, lai dz\u0113stu tevi no m\u016bsu e-pasta adre\u0161u saraksta<\/li><li>Rakstveid\u0101 piepras\u012bt preciz\u0113t tavu personas datus, ja ir pie\u013cauta tavu personas datu pazaud\u0113\u0161ana vai k\u013c\u016bdaina fiks\u0113\u0161ana<\/li><li>Piepras\u012bt ierobe\u017eot vai p\u0101rtraukt tavu personas datu apstr\u0101di<\/li><li>Iesniegt s\u016bdz\u012bbu Latvijas Republikas Datu valsts inspekcijai<\/li><\/ul>\n\n\n\n<p>Kad m\u0113s sa\u0146emsim attiec\u012bgu piepras\u012bjumu,&nbsp; LIVAKALNINA izv\u0113rt\u0113s to savu tehnisko un organizatorisko pas\u0101kumu ietvaros un var neiev\u0113rot tavu piepras\u012bjumu, ja m\u0113s pamatoti uzskat\u0101m tavu piepras\u012bjumu par neatbilsto\u0161u juridiskajiem nosac\u012bjumiem vai tavs piepras\u012bjums ir prettiesisks, vai tas var aizskart m\u016bsu le\u0123it\u012bm\u0101s intereses.<\/p>\n\n\n\n<p>\u200b<\/p>\n\n\n\n<p>M\u016bsu kontaktinform\u0101cija ir:<\/p>\n\n\n\n<p>birojs@livakalnina.lv<\/p>\n\n\n\n<p>\u200b<\/p>\n\n\n\n<p><strong>K\u0101 m\u0113s aizsarg\u0101jam tavus personas datus?<\/strong><\/p>\n\n\n\n<p>M\u0113s esam ap\u0146\u0113mu\u0161ies nodro\u0161in\u0101t tavu personas datu dro\u0161\u012bbu un aizsardz\u012bbu. Visi tehniskie dro\u0161\u012bbas pas\u0101kumi ir piepras\u012bti un m\u016bsu partneru ieviesti.<\/p>\n\n\n\n<p>\u200b<\/p>\n\n\n\n<p><strong>Cik ilgi m\u0113s glab\u0101jam inform\u0101ciju?<\/strong><\/p>\n\n\n\n<p>&nbsp;LIVAKALNINA glab\u0101 tavus personas datus tik ilgi, lai nodro\u0161in\u0101tu augst\u0101k min\u0113tos m\u0113r\u0137us vai lai iev\u0113rotu likuma pras\u012bbas par datu glab\u0101\u0161anu.<\/p>\n\n\n\n<p>\u200b<\/p>\n\n\n\n<p><strong>Izmai\u0146as m\u016bsu priv\u0101tuma noteikumos<\/strong><\/p>\n\n\n\n<p>Jebkuras izmai\u0146as, ko m\u0113s veicam savus priv\u0101tuma noteikumos b\u016bs public\u0113tas \u0161aj\u0101 lap\u0101. L\u016bdzu atk\u0101rtoti p\u0101rbaudi laiku pa laikam jebk\u0101dus atjaunin\u0101jumus un izmai\u0146as m\u016bsu priv\u0101tuma noteikumos.<\/p>\n\n\n\n<p>\u200b<\/p>\n\n\n\n<p><strong>S\u012bkdatnes<\/strong><\/p>\n\n\n\n<p>M\u016bsu interneta lapa izmanto s\u012bkdatnes, lai at\u0161\u0137irtu tevi no citiem m\u016bsu lapas lietot\u0101jiem. Tas pal\u012bdz nodro\u0161in\u0101t labu lietot\u0101ja pieredzi, kad tu apmekl\u0113 m\u016bsu lapu un pal\u012bdz mums ar\u012b uzlabot lapas lietot\u0101ju pieredzi.<\/p>","protected":false},"excerpt":{"rendered":"<p>Priv\u0101tuma noteikumi &nbsp;LIVAKALNINA ir ap\u0146\u0113musies aizsarg\u0101t un cien\u012bt tavu priv\u0101tumu. \u0160ie noteikumi paredz regul\u0113jumu, saska\u0146\u0101 ar ko m\u0113s apstr\u0101d\u0101jam jebkurus no tevi sa\u0146emtos personas datus vai kurus m\u0113s apstr\u0101d\u0101sim. L\u016bdzu r\u016bp\u012bgi iepaz\u012bsties zem\u0101k nor\u0101d\u012bto, lai saprastu m\u016bsu uzskatus un darb\u012bbas attiec\u012bb\u0101 par taviem personas datiem un k\u0101 m\u0113s ar tiem r\u012bkosimies. Apmekl\u0113jot \u0161o lapu tu [&hellip;]<\/p>","protected":false},"author":1,"featured_media":0,"parent":0,"menu_order":0,"comment_status":"closed","ping_status":"closed","template":"single.php","meta":[],"_links":{"self":[{"href":"https:\/\/livakalnina.lv\/en\/wp-json\/wp\/v2\/pages\/63"}],"collection":[{"href":"https:\/\/livakalnina.lv\/en\/wp-json\/wp\/v2\/pages"}],"about":[{"href":"https:\/\/livakalnina.lv\/en\/wp-json\/wp\/v2\/types\/page"}],"author":[{"embeddable":true,"href":"https:\/\/livakalnina.lv\/en\/wp-json\/wp\/v2\/users\/1"}],"replies":[{"embeddable":true,"href":"https:\/\/livakalnina.lv\/en\/wp-json\/wp\/v2\/comments?post=63"}],"version-history":[{"count":5,"href":"https:\/\/livakalnina.lv\/en\/wp-json\/wp\/v2\/pages\/63\/revisions"}],"predecessor-version":[{"id":194,"href":"https:\/\/livakalnina.lv\/en\/wp-json\/wp\/v2\/pages\/63\/revisions\/194"}],"wp:attachment":[{"href":"https:\/\/livakalnina.lv\/en\/wp-json\/wp\/v2\/media?parent=63"}],"curies":[{"name":"wp","href":"https:\/\/api.w.org\/{rel}","templated":true}]}}